{"id":219,"date":"2023-03-21T09:13:39","date_gmt":"2023-03-21T08:13:39","guid":{"rendered":"https:\/\/lhaircoiffure.com\/?page_id=219"},"modified":"2023-04-04T14:43:01","modified_gmt":"2023-04-04T12:43:01","slug":"politique-de-confidentialite-2","status":"publish","type":"page","link":"https:\/\/lhaircoiffure.com\/index.php\/politique-de-confidentialite-2\/","title":{"rendered":"politique de confidentialit\u00e9"},"content":{"rendered":"","protected":false},"excerpt":{"rendered":"","protected":false},"author":1,"featured_media":0,"parent":0,"menu_order":0,"comment_status":"closed","ping_status":"closed","template":"","meta":{"footnotes":""},"class_list":["post-219","page","type-page","status-publish","hentry"],"yoast_head":"<!-- This site is optimized with the Yoast SEO plugin v20.4 - https:\/\/yoast.com\/wordpress\/plugins\/seo\/ -->\n<title>politique de confidentialit\u00e9 - Laetitia coiffeuse \u00e0 votre domicile<\/title>\n<meta name=\"description\" content=\"coiffeuse \u00e0 domicile coupe femme coupe homme coupe enfants couleurs brushing m\u00e8ches coiffure de mariages permanente lissage ombr\u00e9 cheveux\" \/>\n<meta name=\"robots\" content=\"index, follow, max-snippet:-1, max-image-preview:large, max-video-preview:-1\" \/>\n<link rel=\"canonical\" href=\"https:\/\/lhaircoiffure.com\/index.php\/politique-de-confidentialite-2\/\" \/>\n<meta property=\"og:locale\" content=\"en_US\" \/>\n<meta property=\"og:type\" content=\"article\" \/>\n<meta property=\"og:title\" content=\"politique de confidentialit\u00e9 - Laetitia coiffeuse \u00e0 votre domicile\" \/>\n<meta property=\"og:description\" content=\"coiffeuse \u00e0 domicile coupe femme coupe homme coupe enfants couleurs brushing m\u00e8ches coiffure de mariages permanente lissage ombr\u00e9 cheveux\" \/>\n<meta property=\"og:url\" content=\"https:\/\/lhaircoiffure.com\/index.php\/politique-de-confidentialite-2\/\" \/>\n<meta property=\"og:site_name\" content=\"Laetitia coiffeuse \u00e0 votre domicile\" \/>\n<meta property=\"article:modified_time\" content=\"2023-04-04T12:43:01+00:00\" \/>\n<meta name=\"twitter:card\" content=\"summary_large_image\" \/>\n<script type=\"application\/ld+json\" class=\"yoast-schema-graph\">{\"@context\":\"https:\/\/schema.org\",\"@graph\":[{\"@type\":\"WebPage\",\"@id\":\"https:\/\/lhaircoiffure.com\/index.php\/politique-de-confidentialite-2\/\",\"url\":\"https:\/\/lhaircoiffure.com\/index.php\/politique-de-confidentialite-2\/\",\"name\":\"politique de confidentialit\u00e9 - Laetitia coiffeuse \u00e0 votre domicile\",\"isPartOf\":{\"@id\":\"https:\/\/lhaircoiffure.com\/#website\"},\"datePublished\":\"2023-03-21T08:13:39+00:00\",\"dateModified\":\"2023-04-04T12:43:01+00:00\",\"description\":\"coiffeuse \u00e0 domicile coupe femme coupe homme coupe enfants couleurs brushing m\u00e8ches coiffure de mariages permanente lissage ombr\u00e9 cheveux\",\"breadcrumb\":{\"@id\":\"https:\/\/lhaircoiffure.com\/index.php\/politique-de-confidentialite-2\/#breadcrumb\"},\"inLanguage\":\"en-US\",\"potentialAction\":[{\"@type\":\"ReadAction\",\"target\":[\"https:\/\/lhaircoiffure.com\/index.php\/politique-de-confidentialite-2\/\"]}]},{\"@type\":\"BreadcrumbList\",\"@id\":\"https:\/\/lhaircoiffure.com\/index.php\/politique-de-confidentialite-2\/#breadcrumb\",\"itemListElement\":[{\"@type\":\"ListItem\",\"position\":1,\"name\":\"Accueil\",\"item\":\"https:\/\/lhaircoiffure.com\/\"},{\"@type\":\"ListItem\",\"position\":2,\"name\":\"politique de confidentialit\u00e9\"}]},{\"@type\":\"WebSite\",\"@id\":\"https:\/\/lhaircoiffure.com\/#website\",\"url\":\"https:\/\/lhaircoiffure.com\/\",\"name\":\"lhaircoiffure.com\",\"description\":\"\",\"publisher\":{\"@id\":\"https:\/\/lhaircoiffure.com\/#organization\"},\"potentialAction\":[{\"@type\":\"SearchAction\",\"target\":{\"@type\":\"EntryPoint\",\"urlTemplate\":\"https:\/\/lhaircoiffure.com\/?s={search_term_string}\"},\"query-input\":\"required name=search_term_string\"}],\"inLanguage\":\"en-US\"},{\"@type\":\"Organization\",\"@id\":\"https:\/\/lhaircoiffure.com\/#organization\",\"name\":\"lhaircoiffure.com\",\"url\":\"https:\/\/lhaircoiffure.com\/\",\"logo\":{\"@type\":\"ImageObject\",\"inLanguage\":\"en-US\",\"@id\":\"https:\/\/lhaircoiffure.com\/#\/schema\/logo\/image\/\",\"url\":\"http:\/\/lhaircoiffure.com\/wp-content\/uploads\/2023\/03\/Sans-titre-1.png\",\"contentUrl\":\"http:\/\/lhaircoiffure.com\/wp-content\/uploads\/2023\/03\/Sans-titre-1.png\",\"width\":420,\"height\":391,\"caption\":\"lhaircoiffure.com\"},\"image\":{\"@id\":\"https:\/\/lhaircoiffure.com\/#\/schema\/logo\/image\/\"}}]}<\/script>\n<!-- \/ Yoast SEO plugin. -->","yoast_head_json":{"title":"politique de confidentialit\u00e9 - Laetitia coiffeuse \u00e0 votre domicile","description":"coiffeuse \u00e0 domicile coupe femme coupe homme coupe enfants couleurs brushing m\u00e8ches coiffure de mariages permanente lissage ombr\u00e9 cheveux","robots":{"index":"index","follow":"follow","max-snippet":"max-snippet:-1","max-image-preview":"max-image-preview:large","max-video-preview":"max-video-preview:-1"},"canonical":"https:\/\/lhaircoiffure.com\/index.php\/politique-de-confidentialite-2\/","og_locale":"en_US","og_type":"article","og_title":"politique de confidentialit\u00e9 - Laetitia coiffeuse \u00e0 votre domicile","og_description":"coiffeuse \u00e0 domicile coupe femme coupe homme coupe enfants couleurs brushing m\u00e8ches coiffure de mariages permanente lissage ombr\u00e9 cheveux","og_url":"https:\/\/lhaircoiffure.com\/index.php\/politique-de-confidentialite-2\/","og_site_name":"Laetitia coiffeuse \u00e0 votre domicile","article_modified_time":"2023-04-04T12:43:01+00:00","twitter_card":"summary_large_image","schema":{"@context":"https:\/\/schema.org","@graph":[{"@type":"WebPage","@id":"https:\/\/lhaircoiffure.com\/index.php\/politique-de-confidentialite-2\/","url":"https:\/\/lhaircoiffure.com\/index.php\/politique-de-confidentialite-2\/","name":"politique de confidentialit\u00e9 - Laetitia coiffeuse \u00e0 votre domicile","isPartOf":{"@id":"https:\/\/lhaircoiffure.com\/#website"},"datePublished":"2023-03-21T08:13:39+00:00","dateModified":"2023-04-04T12:43:01+00:00","description":"coiffeuse \u00e0 domicile coupe femme coupe homme coupe enfants couleurs brushing m\u00e8ches coiffure de mariages permanente lissage ombr\u00e9 cheveux","breadcrumb":{"@id":"https:\/\/lhaircoiffure.com\/index.php\/politique-de-confidentialite-2\/#breadcrumb"},"inLanguage":"en-US","potentialAction":[{"@type":"ReadAction","target":["https:\/\/lhaircoiffure.com\/index.php\/politique-de-confidentialite-2\/"]}]},{"@type":"BreadcrumbList","@id":"https:\/\/lhaircoiffure.com\/index.php\/politique-de-confidentialite-2\/#breadcrumb","itemListElement":[{"@type":"ListItem","position":1,"name":"Accueil","item":"https:\/\/lhaircoiffure.com\/"},{"@type":"ListItem","position":2,"name":"politique de confidentialit\u00e9"}]},{"@type":"WebSite","@id":"https:\/\/lhaircoiffure.com\/#website","url":"https:\/\/lhaircoiffure.com\/","name":"lhaircoiffure.com","description":"","publisher":{"@id":"https:\/\/lhaircoiffure.com\/#organization"},"potentialAction":[{"@type":"SearchAction","target":{"@type":"EntryPoint","urlTemplate":"https:\/\/lhaircoiffure.com\/?s={search_term_string}"},"query-input":"required name=search_term_string"}],"inLanguage":"en-US"},{"@type":"Organization","@id":"https:\/\/lhaircoiffure.com\/#organization","name":"lhaircoiffure.com","url":"https:\/\/lhaircoiffure.com\/","logo":{"@type":"ImageObject","inLanguage":"en-US","@id":"https:\/\/lhaircoiffure.com\/#\/schema\/logo\/image\/","url":"http:\/\/lhaircoiffure.com\/wp-content\/uploads\/2023\/03\/Sans-titre-1.png","contentUrl":"http:\/\/lhaircoiffure.com\/wp-content\/uploads\/2023\/03\/Sans-titre-1.png","width":420,"height":391,"caption":"lhaircoiffure.com"},"image":{"@id":"https:\/\/lhaircoiffure.com\/#\/schema\/logo\/image\/"}}]}},"_links":{"self":[{"href":"https:\/\/lhaircoiffure.com\/index.php\/wp-json\/wp\/v2\/pages\/219","targetHints":{"allow":["GET"]}}],"collection":[{"href":"https:\/\/lhaircoiffure.com\/index.php\/wp-json\/wp\/v2\/pages"}],"about":[{"href":"https:\/\/lhaircoiffure.com\/index.php\/wp-json\/wp\/v2\/types\/page"}],"author":[{"embeddable":true,"href":"https:\/\/lhaircoiffure.com\/index.php\/wp-json\/wp\/v2\/users\/1"}],"replies":[{"embeddable":true,"href":"https:\/\/lhaircoiffure.com\/index.php\/wp-json\/wp\/v2\/comments?post=219"}],"version-history":[{"count":1,"href":"https:\/\/lhaircoiffure.com\/index.php\/wp-json\/wp\/v2\/pages\/219\/revisions"}],"predecessor-version":[{"id":220,"href":"https:\/\/lhaircoiffure.com\/index.php\/wp-json\/wp\/v2\/pages\/219\/revisions\/220"}],"wp:attachment":[{"href":"https:\/\/lhaircoiffure.com\/index.php\/wp-json\/wp\/v2\/media?parent=219"}],"curies":[{"name":"wp","href":"https:\/\/api.w.org\/{rel}","templated":true}]}}