{"id":223,"date":"2023-03-21T09:14:52","date_gmt":"2023-03-21T08:14:52","guid":{"rendered":"https:\/\/lhaircoiffure.com\/?page_id=223"},"modified":"2023-04-11T10:45:25","modified_gmt":"2023-04-11T08:45:25","slug":"sitemap","status":"publish","type":"page","link":"https:\/\/lhaircoiffure.com\/index.php\/sitemap\/","title":{"rendered":"Sitemap"},"content":{"rendered":"\n<div class=\"wsp-container\"><h2 class=\"wsp-pages-title\">Pages<\/h2>\n<ul class=\"wsp-pages-list\">\n<li class=\"page_item page-item-221\"><a href=\"https:\/\/lhaircoiffure.com\/index.php\/cgv\/\">CGV<\/a><\/li>\n<li class=\"page_item page-item-707\"><a href=\"https:\/\/lhaircoiffure.com\/index.php\/cadeaux\/\">Ch\u00e8que Cadeaux<\/a><\/li>\n<li class=\"page_item page-item-691\"><a href=\"https:\/\/lhaircoiffure.com\/index.php\/colorations\/\">Colorations<\/a><\/li>\n<li class=\"page_item page-item-406\"><a href=\"https:\/\/lhaircoiffure.com\/index.php\/contacter-moi\/\">Contactez moi<\/a><\/li>\n<li class=\"page_item page-item-550\"><a href=\"https:\/\/lhaircoiffure.com\/index.php\/femme\/\">Femmes<\/a><\/li>\n<li class=\"page_item page-item-494\"><a href=\"https:\/\/lhaircoiffure.com\/index.php\/photos-videos\/\">Galerie photo<\/a><\/li>\n<li class=\"page_item page-item-526\"><a href=\"https:\/\/lhaircoiffure.com\/index.php\/hommes\/\">Hommes<\/a><\/li>\n<li class=\"page_item page-item-619\"><a href=\"https:\/\/lhaircoiffure.com\/index.php\/me-situer\/\">Me situer<\/a><\/li>\n<li class=\"page_item page-item-217\"><a href=\"https:\/\/lhaircoiffure.com\/index.php\/mentions-legales\/\">mentions l\u00e9gales<\/a><\/li>\n<li class=\"page_item page-item-2\"><a href=\"https:\/\/lhaircoiffure.com\/index.php\/page-d-exemple\/\">Page d\u2019exemple<\/a><\/li>\n<li class=\"page_item page-item-3\"><a href=\"https:\/\/lhaircoiffure.com\/index.php\/politique-de-confidentialite\/\">Politique de confidentialit\u00e9<\/a><\/li>\n<li class=\"page_item page-item-219\"><a href=\"https:\/\/lhaircoiffure.com\/index.php\/politique-de-confidentialite-2\/\">politique de confidentialit\u00e9<\/a><\/li>\n<li class=\"page_item page-item-48\"><a href=\"https:\/\/lhaircoiffure.com\/\">Pr\u00e9sentations<\/a><\/li>\n<li class=\"page_item page-item-273\"><a href=\"https:\/\/lhaircoiffure.com\/index.php\/prestations-tarifs\/\">Prestations\/tarifs<\/a><\/li>\n<li class=\"page_item page-item-903\"><a href=\"https:\/\/lhaircoiffure.com\/index.php\/produits\/\">Produits<\/a><\/li>\n<li class=\"page_item page-item-223\"><a href=\"https:\/\/lhaircoiffure.com\/index.php\/sitemap\/\">Sitemap<\/a><\/li>\n<li class=\"page_item page-item-1482\"><a href=\"https:\/\/lhaircoiffure.com\/index.php\/nouveaute\/\">Soins et traitements<\/a><\/li>\n<\/ul>\n<h2 class=\"wsp-elementor_librarys-title\">My Templates<\/h2>\n<ul class=\"wsp-elementor_librarys-list\">\n<li><a href=\"https:\/\/lhaircoiffure.com\/?elementor_library=kit-par-defaut\">Kit par d\u00e9faut<\/a><\/li>\n<\/ul>\n<\/div>\n","protected":false},"excerpt":{"rendered":"","protected":false},"author":1,"featured_media":0,"parent":0,"menu_order":0,"comment_status":"closed","ping_status":"closed","template":"","meta":{"footnotes":""},"class_list":["post-223","page","type-page","status-publish","hentry"],"yoast_head":"<!-- This site is optimized with the Yoast SEO plugin v20.4 - https:\/\/yoast.com\/wordpress\/plugins\/seo\/ -->\n<title>Sitemap - Laetitia coiffeuse \u00e0 votre domicile<\/title>\n<meta name=\"description\" content=\"coiffeuse \u00e0 domicile coupe femme coupe homme coupe enfants couleurs brushing m\u00e8ches coiffure de mariages permanente lissage ombr\u00e9 cheveux\" \/>\n<meta name=\"robots\" content=\"index, follow, max-snippet:-1, max-image-preview:large, max-video-preview:-1\" \/>\n<link rel=\"canonical\" href=\"https:\/\/lhaircoiffure.com\/index.php\/sitemap\/\" \/>\n<meta property=\"og:locale\" content=\"en_US\" \/>\n<meta property=\"og:type\" content=\"article\" \/>\n<meta property=\"og:title\" content=\"Sitemap - Laetitia coiffeuse \u00e0 votre domicile\" \/>\n<meta property=\"og:description\" content=\"coiffeuse \u00e0 domicile coupe femme coupe homme coupe enfants couleurs brushing m\u00e8ches coiffure de mariages permanente lissage ombr\u00e9 cheveux\" \/>\n<meta property=\"og:url\" content=\"https:\/\/lhaircoiffure.com\/index.php\/sitemap\/\" \/>\n<meta property=\"og:site_name\" content=\"Laetitia coiffeuse \u00e0 votre domicile\" \/>\n<meta property=\"article:modified_time\" content=\"2023-04-11T08:45:25+00:00\" \/>\n<meta name=\"twitter:card\" content=\"summary_large_image\" \/>\n<script type=\"application\/ld+json\" class=\"yoast-schema-graph\">{\"@context\":\"https:\/\/schema.org\",\"@graph\":[{\"@type\":\"WebPage\",\"@id\":\"https:\/\/lhaircoiffure.com\/index.php\/sitemap\/\",\"url\":\"https:\/\/lhaircoiffure.com\/index.php\/sitemap\/\",\"name\":\"Sitemap - Laetitia coiffeuse \u00e0 votre domicile\",\"isPartOf\":{\"@id\":\"https:\/\/lhaircoiffure.com\/#website\"},\"datePublished\":\"2023-03-21T08:14:52+00:00\",\"dateModified\":\"2023-04-11T08:45:25+00:00\",\"description\":\"coiffeuse \u00e0 domicile coupe femme coupe homme coupe enfants couleurs brushing m\u00e8ches coiffure de mariages permanente lissage ombr\u00e9 cheveux\",\"breadcrumb\":{\"@id\":\"https:\/\/lhaircoiffure.com\/index.php\/sitemap\/#breadcrumb\"},\"inLanguage\":\"en-US\",\"potentialAction\":[{\"@type\":\"ReadAction\",\"target\":[\"https:\/\/lhaircoiffure.com\/index.php\/sitemap\/\"]}]},{\"@type\":\"BreadcrumbList\",\"@id\":\"https:\/\/lhaircoiffure.com\/index.php\/sitemap\/#breadcrumb\",\"itemListElement\":[{\"@type\":\"ListItem\",\"position\":1,\"name\":\"Accueil\",\"item\":\"https:\/\/lhaircoiffure.com\/\"},{\"@type\":\"ListItem\",\"position\":2,\"name\":\"Sitemap\"}]},{\"@type\":\"WebSite\",\"@id\":\"https:\/\/lhaircoiffure.com\/#website\",\"url\":\"https:\/\/lhaircoiffure.com\/\",\"name\":\"lhaircoiffure.com\",\"description\":\"\",\"publisher\":{\"@id\":\"https:\/\/lhaircoiffure.com\/#organization\"},\"potentialAction\":[{\"@type\":\"SearchAction\",\"target\":{\"@type\":\"EntryPoint\",\"urlTemplate\":\"https:\/\/lhaircoiffure.com\/?s={search_term_string}\"},\"query-input\":\"required name=search_term_string\"}],\"inLanguage\":\"en-US\"},{\"@type\":\"Organization\",\"@id\":\"https:\/\/lhaircoiffure.com\/#organization\",\"name\":\"lhaircoiffure.com\",\"url\":\"https:\/\/lhaircoiffure.com\/\",\"logo\":{\"@type\":\"ImageObject\",\"inLanguage\":\"en-US\",\"@id\":\"https:\/\/lhaircoiffure.com\/#\/schema\/logo\/image\/\",\"url\":\"http:\/\/lhaircoiffure.com\/wp-content\/uploads\/2023\/03\/Sans-titre-1.png\",\"contentUrl\":\"http:\/\/lhaircoiffure.com\/wp-content\/uploads\/2023\/03\/Sans-titre-1.png\",\"width\":420,\"height\":391,\"caption\":\"lhaircoiffure.com\"},\"image\":{\"@id\":\"https:\/\/lhaircoiffure.com\/#\/schema\/logo\/image\/\"}}]}<\/script>\n<!-- \/ Yoast SEO plugin. -->","yoast_head_json":{"title":"Sitemap - Laetitia coiffeuse \u00e0 votre domicile","description":"coiffeuse \u00e0 domicile coupe femme coupe homme coupe enfants couleurs brushing m\u00e8ches coiffure de mariages permanente lissage ombr\u00e9 cheveux","robots":{"index":"index","follow":"follow","max-snippet":"max-snippet:-1","max-image-preview":"max-image-preview:large","max-video-preview":"max-video-preview:-1"},"canonical":"https:\/\/lhaircoiffure.com\/index.php\/sitemap\/","og_locale":"en_US","og_type":"article","og_title":"Sitemap - Laetitia coiffeuse \u00e0 votre domicile","og_description":"coiffeuse \u00e0 domicile coupe femme coupe homme coupe enfants couleurs brushing m\u00e8ches coiffure de mariages permanente lissage ombr\u00e9 cheveux","og_url":"https:\/\/lhaircoiffure.com\/index.php\/sitemap\/","og_site_name":"Laetitia coiffeuse \u00e0 votre domicile","article_modified_time":"2023-04-11T08:45:25+00:00","twitter_card":"summary_large_image","schema":{"@context":"https:\/\/schema.org","@graph":[{"@type":"WebPage","@id":"https:\/\/lhaircoiffure.com\/index.php\/sitemap\/","url":"https:\/\/lhaircoiffure.com\/index.php\/sitemap\/","name":"Sitemap - Laetitia coiffeuse \u00e0 votre domicile","isPartOf":{"@id":"https:\/\/lhaircoiffure.com\/#website"},"datePublished":"2023-03-21T08:14:52+00:00","dateModified":"2023-04-11T08:45:25+00:00","description":"coiffeuse \u00e0 domicile coupe femme coupe homme coupe enfants couleurs brushing m\u00e8ches coiffure de mariages permanente lissage ombr\u00e9 cheveux","breadcrumb":{"@id":"https:\/\/lhaircoiffure.com\/index.php\/sitemap\/#breadcrumb"},"inLanguage":"en-US","potentialAction":[{"@type":"ReadAction","target":["https:\/\/lhaircoiffure.com\/index.php\/sitemap\/"]}]},{"@type":"BreadcrumbList","@id":"https:\/\/lhaircoiffure.com\/index.php\/sitemap\/#breadcrumb","itemListElement":[{"@type":"ListItem","position":1,"name":"Accueil","item":"https:\/\/lhaircoiffure.com\/"},{"@type":"ListItem","position":2,"name":"Sitemap"}]},{"@type":"WebSite","@id":"https:\/\/lhaircoiffure.com\/#website","url":"https:\/\/lhaircoiffure.com\/","name":"lhaircoiffure.com","description":"","publisher":{"@id":"https:\/\/lhaircoiffure.com\/#organization"},"potentialAction":[{"@type":"SearchAction","target":{"@type":"EntryPoint","urlTemplate":"https:\/\/lhaircoiffure.com\/?s={search_term_string}"},"query-input":"required name=search_term_string"}],"inLanguage":"en-US"},{"@type":"Organization","@id":"https:\/\/lhaircoiffure.com\/#organization","name":"lhaircoiffure.com","url":"https:\/\/lhaircoiffure.com\/","logo":{"@type":"ImageObject","inLanguage":"en-US","@id":"https:\/\/lhaircoiffure.com\/#\/schema\/logo\/image\/","url":"http:\/\/lhaircoiffure.com\/wp-content\/uploads\/2023\/03\/Sans-titre-1.png","contentUrl":"http:\/\/lhaircoiffure.com\/wp-content\/uploads\/2023\/03\/Sans-titre-1.png","width":420,"height":391,"caption":"lhaircoiffure.com"},"image":{"@id":"https:\/\/lhaircoiffure.com\/#\/schema\/logo\/image\/"}}]}},"_links":{"self":[{"href":"https:\/\/lhaircoiffure.com\/index.php\/wp-json\/wp\/v2\/pages\/223","targetHints":{"allow":["GET"]}}],"collection":[{"href":"https:\/\/lhaircoiffure.com\/index.php\/wp-json\/wp\/v2\/pages"}],"about":[{"href":"https:\/\/lhaircoiffure.com\/index.php\/wp-json\/wp\/v2\/types\/page"}],"author":[{"embeddable":true,"href":"https:\/\/lhaircoiffure.com\/index.php\/wp-json\/wp\/v2\/users\/1"}],"replies":[{"embeddable":true,"href":"https:\/\/lhaircoiffure.com\/index.php\/wp-json\/wp\/v2\/comments?post=223"}],"version-history":[{"count":2,"href":"https:\/\/lhaircoiffure.com\/index.php\/wp-json\/wp\/v2\/pages\/223\/revisions"}],"predecessor-version":[{"id":622,"href":"https:\/\/lhaircoiffure.com\/index.php\/wp-json\/wp\/v2\/pages\/223\/revisions\/622"}],"wp:attachment":[{"href":"https:\/\/lhaircoiffure.com\/index.php\/wp-json\/wp\/v2\/media?parent=223"}],"curies":[{"name":"wp","href":"https:\/\/api.w.org\/{rel}","templated":true}]}}